{"id":32346,"date":"2011-11-18T04:50:43","date_gmt":"2011-11-18T02:50:43","guid":{"rendered":"https:\/\/www.lhr-law.de?page_id=32346"},"modified":"2020-03-22T01:44:02","modified_gmt":"2020-03-22T00:44:02","slug":"career","status":"publish","type":"page","link":"https:\/\/www.lhr-law.de\/en\/law-firm\/career\/","title":{"rendered":"Careers"},"content":{"rendered":"<h1>Your career with us<\/h1>\n<p><strong>Law clerks\/research associates\u00a0<\/strong><b><\/b><\/p>\n<p class=\"cp\">We are always looking for dedicated law clerks who have an interest in and enjoy the work in the field of industrial property law.<\/p>\n<p class=\"cp\">In consideration of the high expectations of our clients, we expect not only excellent academic reference letters but also a willingness to be extremely committed. Several of the attorneys in our firm began their careers with us as law clerks and we expect that you also have the potential to become an attorney in our firm.<\/p>\n<p class=\"cp\">In the process, numerous training and work time models are available to you. We are willing to offer appropriate remuneration for the work, depending on how the work time is structured.<\/p>\n<\/p>\n<p class=\"cp\"><strong><br \/> Attorneys<\/strong><\/p>\n<p class=\"cp\">We value highly competent work in a very specialized field of law.<\/p>\n<p class=\"cp\">This means that we expect excellent state examinations and the willingness to continuously undergo advanced training and to promptly acquire the appropriate specialist attorney title. Ideally, you already possess a relevant specialist attorney title.<\/p>\n<p class=\"cp\">Because our work often has an international dimension to it, an outstanding command of the English language is a prerequisite and an additional foreign language is desirable.<\/p>\n<p class=\"cp\">Please submit your application by Email or through a traditional application portfolio.<\/p>\n<p class=\"cp\">\n","protected":false},"excerpt":{"rendered":"<p>Als Fachanwaltskanzlei f\u00fcr gewerblichen Rechtsschutz legen wir Wert auf fachlich hoch qualifizierte Arbeit in einem sehr speziellen Rechtsgebiet. <\/p>\n<p>Au\u00dferdem suchen wir laufend Unterst\u00fctzung von engagierten Rechtsreferendaren mit Interesse und Spa\u00df an der Arbeit im Bereich des gewerblichen Rechtsschutzes.<\/p>\n","protected":false},"author":46,"featured_media":0,"parent":32338,"menu_order":50,"comment_status":"open","ping_status":"closed","template":"","meta":{"content-type":"","footnotes":""},"class_list":["post-32346","page","type-page","status-publish","hentry"],"_links":{"self":[{"href":"https:\/\/www.lhr-law.de\/en\/wp-json\/wp\/v2\/pages\/32346","targetHints":{"allow":["GET"]}}],"collection":[{"href":"https:\/\/www.lhr-law.de\/en\/wp-json\/wp\/v2\/pages"}],"about":[{"href":"https:\/\/www.lhr-law.de\/en\/wp-json\/wp\/v2\/types\/page"}],"author":[{"embeddable":true,"href":"https:\/\/www.lhr-law.de\/en\/wp-json\/wp\/v2\/users\/46"}],"replies":[{"embeddable":true,"href":"https:\/\/www.lhr-law.de\/en\/wp-json\/wp\/v2\/comments?post=32346"}],"version-history":[{"count":0,"href":"https:\/\/www.lhr-law.de\/en\/wp-json\/wp\/v2\/pages\/32346\/revisions"}],"up":[{"embeddable":true,"href":"https:\/\/www.lhr-law.de\/en\/wp-json\/wp\/v2\/pages\/32338"}],"wp:attachment":[{"href":"https:\/\/www.lhr-law.de\/en\/wp-json\/wp\/v2\/media?parent=32346"}],"curies":[{"name":"wp","href":"https:\/\/api.w.org\/{rel}","templated":true}]}}