{"id":32241,"date":"2011-03-02T16:05:04","date_gmt":"2011-03-02T14:05:04","guid":{"rendered":"https:\/\/www.lhr-law.de?page_id=32241"},"modified":"2026-03-11T17:32:06","modified_gmt":"2026-03-11T15:32:06","slug":"contact-2","status":"publish","type":"page","link":"https:\/\/www.lhr-law.de\/en\/contact-2\/","title":{"rendered":"Contact"},"content":{"rendered":"<section class=\"section\">\n<div class=\"wrapper\">\n<div class=\"\">\n<h2>Global Reach, Always at Your Service<\/h2>\n<\/div>\n<div class=\"contact\">\n<div class=\"row\">\n<div class=\"span7\">\n<section class=\"form section--form\" style=\"margin-top: 0;\">\n<div class=\"section__header\">\n<h3>Always Here for You, Seven Days a Week &#8211; <br \/>Reach Out with Confidence<\/h3>\n<\/div>\n\n\t\t\t\t\t\t<script>\n\t\t\t\t\t\t\twindow.hsFormsOnReady = window.hsFormsOnReady || [];\n\t\t\t\t\t\t\twindow.hsFormsOnReady.push(()=>{\n\t\t\t\t\t\t\t\thbspt.forms.create({\n\t\t\t\t\t\t\t\t\tportalId: 7036071,\n\t\t\t\t\t\t\t\t\tformId: \"eca27c4d-4916-4b10-90ae-62e38ee54aa0\",\n\t\t\t\t\t\t\t\t\ttarget: \"#hbspt-form-1778521083000-5087697652\",\n\t\t\t\t\t\t\t\t\tregion: \"na1\",\n\t\t\t\t\t\t\t\t\t\n\t\t\t\t\t\t\t})});\n\t\t\t\t\t\t<\/script>\n\t\t\t\t\t\t<div class=\"hbspt-form\" id=\"hbspt-form-1778521083000-5087697652\"><\/div>\n<\/section>\n<\/div>\n<div class=\"span4 pull1\">\n<div class=\"box\" style=\"margin: 0 0 20px;\">\n<h4>Rechtsanw\u00e4lte LHR<\/h4>\n<p>Gr\u00fcner Weg 12<br \/>\n50825 K\u00f6ln<\/p>\n<p><i class=\"icon-phone\"><\/i>Phone: 0221 \/\u00a02716733-0<br \/>\nFax: 0221 \/ 2716733-33<\/p>\n<p><a href=\"mailto:info@lhr-law.de\"><i class=\"icon-email\"><\/i> info@lhr-law.de<\/a><\/p>\n<hr \/>\n<h4>Opening hours<\/h4>\n<p>7 days a week<\/p>\n<hr \/>\n<h4>Press inquiries<\/h4>\n<p>We are available for press inquiries, by e-mail at <a href=\"mailto:presse@lhr-law.de\"> presse@lhr-law.de<\/a>,  but also by telephone.<\/p>\n<\/div>\n<div style=\"padding:20px;\">\n<p style=\"text-align: left;\">At our law firm, we take pride in offering worldwide representation, and we&#8217;re here to assist you every day of the week. Our international setup enables us to respond to your inquiries even during hours when other law firms may not be available. Whether you choose to contact us via email, telephone, or our convenient contact form, we are committed to being there for you.<\/p>\n<p class=\" mb4\" style=\"text-align: left; \">If you ever find it challenging to reach us directly, rest assured that one of our specialized lawyers will promptly return your call or message. Together, we will discuss the terms and conditions of potentially engaging our services to meet your legal needs. Your satisfaction and peace of mind are our top priorities.<\/p>\n<\/div>\n<\/div>\n<\/div>\n<\/div>\n<\/div>\n<\/section>\n","protected":false},"excerpt":{"rendered":"<p>Global Reach, Always at Your Service Always Here for You, Seven Days a Week &#8211; Reach Out with Confidence Rechtsanw\u00e4lte LHR Gr\u00fcner Weg 12 50825 K\u00f6ln Phone: 0221 \/\u00a02716733-0 Fax: 0221 \/ 2716733-33 info@lhr-law.de Opening hours 7 days a week Press inquiries We are available for press inquiries, by e-mail at presse@lhr-law.de, but also by [&hellip;]<\/p>\n","protected":false},"author":48,"featured_media":0,"parent":0,"menu_order":0,"comment_status":"closed","ping_status":"closed","template":"template-clean.php","meta":{"content-type":"","footnotes":""},"class_list":["post-32241","page","type-page","status-publish","hentry"],"_links":{"self":[{"href":"https:\/\/www.lhr-law.de\/en\/wp-json\/wp\/v2\/pages\/32241","targetHints":{"allow":["GET"]}}],"collection":[{"href":"https:\/\/www.lhr-law.de\/en\/wp-json\/wp\/v2\/pages"}],"about":[{"href":"https:\/\/www.lhr-law.de\/en\/wp-json\/wp\/v2\/types\/page"}],"author":[{"embeddable":true,"href":"https:\/\/www.lhr-law.de\/en\/wp-json\/wp\/v2\/users\/48"}],"replies":[{"embeddable":true,"href":"https:\/\/www.lhr-law.de\/en\/wp-json\/wp\/v2\/comments?post=32241"}],"version-history":[{"count":3,"href":"https:\/\/www.lhr-law.de\/en\/wp-json\/wp\/v2\/pages\/32241\/revisions"}],"predecessor-version":[{"id":70010,"href":"https:\/\/www.lhr-law.de\/en\/wp-json\/wp\/v2\/pages\/32241\/revisions\/70010"}],"wp:attachment":[{"href":"https:\/\/www.lhr-law.de\/en\/wp-json\/wp\/v2\/media?parent=32241"}],"curies":[{"name":"wp","href":"https:\/\/api.w.org\/{rel}","templated":true}]}}